{"id":145,"date":"2018-01-21T16:58:50","date_gmt":"2018-01-21T15:58:50","guid":{"rendered":"http:\/\/www.schlaraffiavindobona.at\/WP\/?page_id=145"},"modified":"2026-03-04T18:16:55","modified_gmt":"2026-03-04T17:16:55","slug":"burgpfad","status":"publish","type":"page","link":"https:\/\/www.schlaraffiavindobona.at\/WP\/?page_id=145","title":{"rendered":"Burgpfad"},"content":{"rendered":"<p>Veste H\u00f6llenstein, W\u00e4hringer Str. 85, 1180 Wien<\/p>\n<div class=\"gglmps_container_map\">\r\n\t\t\t\t\t<div id=\"gglmps_map_6a0394ed17c59\" class=\"gglmps_map\" style=\"float: left; width: 100%; height: 300px;\" data-basic=\"{&quot;alignment&quot;:&quot;left&quot;,&quot;map_type&quot;:&quot;roadmap&quot;,&quot;tilt45&quot;:0,&quot;zoom&quot;:17,&quot;width_unit&quot;:&quot;%&quot;,&quot;width&quot;:100,&quot;height&quot;:300}\" data-controls=\"{&quot;map_type&quot;:1,&quot;rotate&quot;:0,&quot;zoom&quot;:1,&quot;scale&quot;:1}\" data-markers=\"[{&quot;latlng&quot;:&quot;48.225197,16.346453&quot;,&quot;location&quot;:&quot;W\\u00e4hringer Str. 83, 1180 Wien, \\u00d6sterreich&quot;,&quot;tooltip&quot;:&quot;&quot;}]\">\r\n\t\t\t\t\t\t<noscript>\r\n\t\t\t\t\t\t\t<p class=\"gglmps_no_script\">\r\n\t\t\t\t\t\t\t\t[Maps: Please, enable JavaScript! <a href=\"https:\/\/support.google.com\/answer\/23852\" target=\"_blank\">HELP<\/a>]\r\n\t\t\t\t\t\t\t<\/p>\r\n\t\t\t\t\t\t<\/noscript>\r\n\t\t\t\t\t<\/div>\r\n\t\t\t\t<\/div>\n<p><strong>Anreise mit \u00f6ffentlichen Verkehrsmitteln:<\/strong><\/p>\n<ul>\n<li>Station &#8222;W\u00e4hringer Stra\u00dfe-Volksoper&#8220;, U6, Stra\u00dfenbahn 40, 41, 42, Bus 40A, Nachtbus N41<\/li>\n<li>Station &#8222;Kutschkergasse&#8220;, Stra\u00dfenbahn 40, 41<\/li>\n<\/ul>\n<p><strong>Hinweis f\u00fcr Benzinrossreiter:<\/strong><br \/>\nIm 18. Bezirk gilt eine Kurzparkzone. Unmittelbar vor der Burg ist eine Gesch\u00e4ftsstra\u00dfen-Kurzparkzone, die bis 18 Uhr in Kraft ist.<\/p>\n","protected":false},"excerpt":{"rendered":"<p>Veste H\u00f6llenstein, W\u00e4hringer Str. 85, 1180 Wien Anreise mit \u00f6ffentlichen Verkehrsmitteln: Station &#8222;W\u00e4hringer Stra\u00dfe-Volksoper&#8220;, U6, Stra\u00dfenbahn 40, 41, 42, Bus 40A, Nachtbus N41 Station &#8222;Kutschkergasse&#8220;, Stra\u00dfenbahn 40, 41 Hinweis f\u00fcr Benzinrossreiter: Im 18. Bezirk gilt eine Kurzparkzone. Unmittelbar vor der Burg ist eine Gesch\u00e4ftsstra\u00dfen-Kurzparkzone, die bis 18 Uhr in Kraft ist.<\/p>\n","protected":false},"author":1,"featured_media":0,"parent":25,"menu_order":0,"comment_status":"closed","ping_status":"closed","template":"","meta":{"ngg_post_thumbnail":0,"footnotes":""},"class_list":["post-145","page","type-page","status-publish","hentry"],"amp_enabled":true,"_links":{"self":[{"href":"https:\/\/www.schlaraffiavindobona.at\/WP\/index.php?rest_route=\/wp\/v2\/pages\/145","targetHints":{"allow":["GET"]}}],"collection":[{"href":"https:\/\/www.schlaraffiavindobona.at\/WP\/index.php?rest_route=\/wp\/v2\/pages"}],"about":[{"href":"https:\/\/www.schlaraffiavindobona.at\/WP\/index.php?rest_route=\/wp\/v2\/types\/page"}],"author":[{"embeddable":true,"href":"https:\/\/www.schlaraffiavindobona.at\/WP\/index.php?rest_route=\/wp\/v2\/users\/1"}],"replies":[{"embeddable":true,"href":"https:\/\/www.schlaraffiavindobona.at\/WP\/index.php?rest_route=%2Fwp%2Fv2%2Fcomments&post=145"}],"version-history":[{"count":3,"href":"https:\/\/www.schlaraffiavindobona.at\/WP\/index.php?rest_route=\/wp\/v2\/pages\/145\/revisions"}],"predecessor-version":[{"id":4684,"href":"https:\/\/www.schlaraffiavindobona.at\/WP\/index.php?rest_route=\/wp\/v2\/pages\/145\/revisions\/4684"}],"up":[{"embeddable":true,"href":"https:\/\/www.schlaraffiavindobona.at\/WP\/index.php?rest_route=\/wp\/v2\/pages\/25"}],"wp:attachment":[{"href":"https:\/\/www.schlaraffiavindobona.at\/WP\/index.php?rest_route=%2Fwp%2Fv2%2Fmedia&parent=145"}],"curies":[{"name":"wp","href":"https:\/\/api.w.org\/{rel}","templated":true}]}}