{"id":221,"date":"2018-11-24T14:40:07","date_gmt":"2018-11-24T13:40:07","guid":{"rendered":"http:\/\/www.schlaraffiavindobona.at\/WP\/?page_id=221"},"modified":"2020-09-19T16:00:35","modified_gmt":"2020-09-19T14:00:35","slug":"anmeldung-als-schlaraffe","status":"publish","type":"page","link":"https:\/\/www.schlaraffiavindobona.at\/WP\/?page_id=221","title":{"rendered":"Kennwort f\u00fcr schlaraffische Netzburg-Einreiter"},"content":{"rendered":"<p>Viellieber Freund, so Ihr Angeh\u00f6riger Allscharaffias seid, bitte um Eingabe des Kennwortes, um gesch\u00fctzte Seiten ansehen zu k\u00f6nnen.<\/p>\n<p>Das Kennwort ist das gr\u00f6\u00dfte M\u00fcnzst\u00fcck in Schlaraffia (in normaler Gro\u00df- und Kleinschreibung, gem\u00e4\u00df Cer.)<\/p>\n<p><a href=\"http:\/\/www.schlaraffiavindobona.at\/WP\/?page_id=19\">Kennwort eingeben<\/a><\/p>\n","protected":false},"excerpt":{"rendered":"<p>Viellieber Freund, so Ihr Angeh\u00f6riger Allscharaffias seid, bitte um Eingabe des Kennwortes, um gesch\u00fctzte Seiten ansehen zu k\u00f6nnen. Das Kennwort ist das gr\u00f6\u00dfte M\u00fcnzst\u00fcck in Schlaraffia (in normaler Gro\u00df- und Kleinschreibung, gem\u00e4\u00df Cer.) Kennwort eingeben<\/p>\n","protected":false},"author":1,"featured_media":0,"parent":25,"menu_order":0,"comment_status":"closed","ping_status":"closed","template":"","meta":{"ngg_post_thumbnail":0,"footnotes":""},"class_list":["post-221","page","type-page","status-publish","hentry"],"amp_enabled":true,"_links":{"self":[{"href":"https:\/\/www.schlaraffiavindobona.at\/WP\/index.php?rest_route=\/wp\/v2\/pages\/221","targetHints":{"allow":["GET"]}}],"collection":[{"href":"https:\/\/www.schlaraffiavindobona.at\/WP\/index.php?rest_route=\/wp\/v2\/pages"}],"about":[{"href":"https:\/\/www.schlaraffiavindobona.at\/WP\/index.php?rest_route=\/wp\/v2\/types\/page"}],"author":[{"embeddable":true,"href":"https:\/\/www.schlaraffiavindobona.at\/WP\/index.php?rest_route=\/wp\/v2\/users\/1"}],"replies":[{"embeddable":true,"href":"https:\/\/www.schlaraffiavindobona.at\/WP\/index.php?rest_route=%2Fwp%2Fv2%2Fcomments&post=221"}],"version-history":[{"count":0,"href":"https:\/\/www.schlaraffiavindobona.at\/WP\/index.php?rest_route=\/wp\/v2\/pages\/221\/revisions"}],"up":[{"embeddable":true,"href":"https:\/\/www.schlaraffiavindobona.at\/WP\/index.php?rest_route=\/wp\/v2\/pages\/25"}],"wp:attachment":[{"href":"https:\/\/www.schlaraffiavindobona.at\/WP\/index.php?rest_route=%2Fwp%2Fv2%2Fmedia&parent=221"}],"curies":[{"name":"wp","href":"https:\/\/api.w.org\/{rel}","templated":true}]}}