{"id":25,"date":"2016-05-16T00:12:01","date_gmt":"2016-05-15T22:12:01","guid":{"rendered":"http:\/\/www.schlaraffiavindobona.at\/WP\/?page_id=25"},"modified":"2018-11-24T14:43:13","modified_gmt":"2018-11-24T13:43:13","slug":"testseite-3","status":"publish","type":"page","link":"https:\/\/www.schlaraffiavindobona.at\/WP\/?page_id=25","title":{"rendered":"F\u00fcr Schlaraffen"},"content":{"rendered":"<p>Unter diesem Men\u00fcpunkt finden sich Informationen f\u00fcr Angeh\u00f6rige Allscharaffias. Solltet Ihr nach einem Kennwort gefragt werden, so ist dieses das gr\u00f6\u00dfte M\u00fcnzst\u00fcck in Schlaraffia (normale Gro\u00df- und Kleinschreibung, gem\u00e4\u00df Cer.)<\/p>\n<p>&nbsp;<\/p>\n","protected":false},"excerpt":{"rendered":"<p>Unter diesem Men\u00fcpunkt finden sich Informationen f\u00fcr Angeh\u00f6rige Allscharaffias. Solltet Ihr nach einem Kennwort gefragt werden, so ist dieses das gr\u00f6\u00dfte M\u00fcnzst\u00fcck in Schlaraffia (normale Gro\u00df- und Kleinschreibung, gem\u00e4\u00df Cer.) &nbsp;<\/p>\n","protected":false},"author":1,"featured_media":0,"parent":0,"menu_order":0,"comment_status":"closed","ping_status":"closed","template":"","meta":{"ngg_post_thumbnail":0,"footnotes":""},"class_list":["post-25","page","type-page","status-publish","hentry"],"amp_enabled":true,"_links":{"self":[{"href":"https:\/\/www.schlaraffiavindobona.at\/WP\/index.php?rest_route=\/wp\/v2\/pages\/25","targetHints":{"allow":["GET"]}}],"collection":[{"href":"https:\/\/www.schlaraffiavindobona.at\/WP\/index.php?rest_route=\/wp\/v2\/pages"}],"about":[{"href":"https:\/\/www.schlaraffiavindobona.at\/WP\/index.php?rest_route=\/wp\/v2\/types\/page"}],"author":[{"embeddable":true,"href":"https:\/\/www.schlaraffiavindobona.at\/WP\/index.php?rest_route=\/wp\/v2\/users\/1"}],"replies":[{"embeddable":true,"href":"https:\/\/www.schlaraffiavindobona.at\/WP\/index.php?rest_route=%2Fwp%2Fv2%2Fcomments&post=25"}],"version-history":[{"count":0,"href":"https:\/\/www.schlaraffiavindobona.at\/WP\/index.php?rest_route=\/wp\/v2\/pages\/25\/revisions"}],"wp:attachment":[{"href":"https:\/\/www.schlaraffiavindobona.at\/WP\/index.php?rest_route=%2Fwp%2Fv2%2Fmedia&parent=25"}],"curies":[{"name":"wp","href":"https:\/\/api.w.org\/{rel}","templated":true}]}}