{"id":2708,"date":"2025-01-02T11:13:01","date_gmt":"2025-01-02T10:13:01","guid":{"rendered":"https:\/\/www.schlaraffiavindobona.at\/WP\/?page_id=2708"},"modified":"2025-01-03T22:43:17","modified_gmt":"2025-01-03T21:43:17","slug":"fuer-interessierte","status":"publish","type":"page","link":"https:\/\/www.schlaraffiavindobona.at\/WP\/?page_id=2708","title":{"rendered":"F\u00fcr Interessierte"},"content":{"rendered":"\n<p><strong>Schlaraffia \u2013 Eine Reise in die Welt der Freundschaft, Kultur und Lebensfreude<\/strong><\/p>\n\n\n\n<p><strong>Willkommen bei Schlaraffia \u2013 Wo Kultur, Humor und Gemeinschaft aufeinandertreffen!<\/strong><\/p>\n\n\n\n<figure class=\"wp-block-image size-large\"><img loading=\"lazy\" decoding=\"async\" width=\"1024\" height=\"661\" src=\"https:\/\/www.schlaraffiavindobona.at\/WP\/wp-content\/uploads\/2025\/01\/IMG_4874-1024x661.jpg\" alt=\"Unsere Freunde reiten ein\" class=\"wp-image-2709\" srcset=\"https:\/\/www.schlaraffiavindobona.at\/WP\/wp-content\/uploads\/2025\/01\/IMG_4874-1024x661.jpg 1024w, https:\/\/www.schlaraffiavindobona.at\/WP\/wp-content\/uploads\/2025\/01\/IMG_4874-300x194.jpg 300w, https:\/\/www.schlaraffiavindobona.at\/WP\/wp-content\/uploads\/2025\/01\/IMG_4874-768x495.jpg 768w, https:\/\/www.schlaraffiavindobona.at\/WP\/wp-content\/uploads\/2025\/01\/IMG_4874-1536x991.jpg 1536w, https:\/\/www.schlaraffiavindobona.at\/WP\/wp-content\/uploads\/2025\/01\/IMG_4874-2048x1321.jpg 2048w\" sizes=\"auto, (max-width: 1024px) 100vw, 1024px\" \/><\/figure>\n\n\n\n<p>Tauchen Sie ein in eine Welt voller Fantasie, Humor und gelebter Tradition. Schlaraffia ist ein au\u00dfergew\u00f6hnliches Netzwerk von Menschen, die Freude an Kunst, Kultur und freundschaftlichem Miteinander teilen. Seit \u00fcber 160 Jahren verbinden wir Gleichgesinnte, die das Leben mit einem Augenzwinkern genie\u00dfen und dabei kulturelle Werte hochhalten.<\/p>\n\n\n\n<p><strong>Was ist Schlaraffia?<\/strong><\/p>\n\n\n\n<figure class=\"wp-block-image size-large\"><img loading=\"lazy\" decoding=\"async\" width=\"1024\" height=\"577\" src=\"https:\/\/www.schlaraffiavindobona.at\/WP\/wp-content\/uploads\/2025\/01\/IMG-20241122-WA0038-1024x577.jpg\" alt=\"Besuch aus aller Welt\n\" class=\"wp-image-2711\" srcset=\"https:\/\/www.schlaraffiavindobona.at\/WP\/wp-content\/uploads\/2025\/01\/IMG-20241122-WA0038-1024x577.jpg 1024w, https:\/\/www.schlaraffiavindobona.at\/WP\/wp-content\/uploads\/2025\/01\/IMG-20241122-WA0038-300x169.jpg 300w, https:\/\/www.schlaraffiavindobona.at\/WP\/wp-content\/uploads\/2025\/01\/IMG-20241122-WA0038-768x432.jpg 768w, https:\/\/www.schlaraffiavindobona.at\/WP\/wp-content\/uploads\/2025\/01\/IMG-20241122-WA0038-1536x865.jpg 1536w, https:\/\/www.schlaraffiavindobona.at\/WP\/wp-content\/uploads\/2025\/01\/IMG-20241122-WA0038.jpg 2000w\" sizes=\"auto, (max-width: 1024px) 100vw, 1024px\" \/><\/figure>\n\n\n\n<p>Schlaraffia ist ein internationaler, deutschsprachiger&nbsp;<strong>M\u00e4nnerbund<\/strong>, der sich der Pflege von Freundschaft, Kunst und Humor verschrieben hat. Unsere Mitglieder \u2013 die \u201eSchlaraffen\u201c \u2013 treffen sich regelm\u00e4\u00dfig in sogenannten \u201eReychen\u201c, um gemeinsam Kulturabende zu gestalten, in denen Kreativit\u00e4t und Geist regieren. Dabei verbinden wir altehrw\u00fcrdige Rituale mit zeitlosem Humor, und immer steht das freundschaftliche Miteinander im Mittelpunkt.<\/p>\n\n\n\n<p><strong>Unsere Werte \u2013 Was uns ausmacht<\/strong><\/p>\n\n\n\n<figure class=\"wp-block-image size-large\"><img loading=\"lazy\" decoding=\"async\" width=\"1024\" height=\"768\" src=\"https:\/\/www.schlaraffiavindobona.at\/WP\/wp-content\/uploads\/2025\/01\/IMG-20241122-WA0004-1024x768.jpg\" alt=\"unsere &quot;Herrlichkeiten&quot;\" class=\"wp-image-2710\" srcset=\"https:\/\/www.schlaraffiavindobona.at\/WP\/wp-content\/uploads\/2025\/01\/IMG-20241122-WA0004-1024x768.jpg 1024w, https:\/\/www.schlaraffiavindobona.at\/WP\/wp-content\/uploads\/2025\/01\/IMG-20241122-WA0004-300x225.jpg 300w, https:\/\/www.schlaraffiavindobona.at\/WP\/wp-content\/uploads\/2025\/01\/IMG-20241122-WA0004-768x576.jpg 768w, https:\/\/www.schlaraffiavindobona.at\/WP\/wp-content\/uploads\/2025\/01\/IMG-20241122-WA0004-1536x1152.jpg 1536w, https:\/\/www.schlaraffiavindobona.at\/WP\/wp-content\/uploads\/2025\/01\/IMG-20241122-WA0004.jpg 2048w\" sizes=\"auto, (max-width: 1024px) 100vw, 1024px\" \/><\/figure>\n\n\n\n<ul class=\"wp-block-list\">\n<li><strong>Freundschaft:<\/strong>&nbsp;Bei uns begegnen sich Menschen aller Altersgruppen und Berufe auf Augenh\u00f6he. Es z\u00e4hlt die Gemeinschaft, nicht der Status.<\/li>\n\n\n\n<li><strong>Kultur:<\/strong>&nbsp;Von Musik und Dichtung bis hin zu Theater und Malerei \u2013 Schlaraffia bietet Raum f\u00fcr kreativen Ausdruck und kulturellen Austausch.<\/li>\n\n\n\n<li><strong>Humor:<\/strong>&nbsp;Das Leben soll Freude machen! Mit einer guten Portion Selbstironie und spielerischem Witz feiern wir die sch\u00f6nen Seiten des Lebens.<\/li>\n<\/ul>\n\n\n\n<p><strong>Warum Schlaraffia?<\/strong><\/p>\n\n\n\n<figure class=\"wp-block-image size-large\"><img loading=\"lazy\" decoding=\"async\" width=\"1024\" height=\"577\" src=\"https:\/\/www.schlaraffiavindobona.at\/WP\/wp-content\/uploads\/2025\/01\/IMG-20241122-WA0034-1024x577.jpg\" alt=\"\" class=\"wp-image-2712\" srcset=\"https:\/\/www.schlaraffiavindobona.at\/WP\/wp-content\/uploads\/2025\/01\/IMG-20241122-WA0034-1024x577.jpg 1024w, https:\/\/www.schlaraffiavindobona.at\/WP\/wp-content\/uploads\/2025\/01\/IMG-20241122-WA0034-300x169.jpg 300w, https:\/\/www.schlaraffiavindobona.at\/WP\/wp-content\/uploads\/2025\/01\/IMG-20241122-WA0034-768x432.jpg 768w, https:\/\/www.schlaraffiavindobona.at\/WP\/wp-content\/uploads\/2025\/01\/IMG-20241122-WA0034-1536x865.jpg 1536w, https:\/\/www.schlaraffiavindobona.at\/WP\/wp-content\/uploads\/2025\/01\/IMG-20241122-WA0034.jpg 2000w\" sizes=\"auto, (max-width: 1024px) 100vw, 1024px\" \/><\/figure>\n\n\n\n<p>In einer hektischen Welt ist Schlaraffia ein Ort der Entschleunigung und Inspiration. Hier k\u00f6nnen Sie:<\/p>\n\n\n\n<ul class=\"wp-block-list\">\n<li>Neue Freundschaften kn\u00fcpfen.<\/li>\n\n\n\n<li>Ihre kreativen Talente einbringen und weiterentwickeln.<\/li>\n\n\n\n<li>Teil einer einzigartigen Tradition werden, die auf Respekt und Lebensfreude basiert.<\/li>\n<\/ul>\n\n\n\n<p><strong>Was Schlaraffia NICHT ist<\/strong><\/p>\n\n\n\n<ul class=\"wp-block-list\">\n<li>wir sind&nbsp;<strong>kein&nbsp;<\/strong>Businessclub. Es werden keine Gesch\u00e4fte gemacht und der berufliche &#8222;Karrierelevel&#8220; ist nicht wichtig.<\/li>\n\n\n\n<li>Wir diskutieren <strong>nicht <\/strong>\u00fcber Politik und Religion. Diese kontroversen Themen \u00fcberlassen wir Anderen.<\/li>\n<\/ul>\n\n\n\n<p><strong>Wie k\u00f6nnen Sie Teil dieser Gemeinschaft werden?<\/strong><\/p>\n\n\n\n<figure class=\"wp-block-image size-large\"><img loading=\"lazy\" decoding=\"async\" width=\"768\" height=\"1024\" src=\"https:\/\/www.schlaraffiavindobona.at\/WP\/wp-content\/uploads\/2025\/01\/IMG-20241122-WA0002-768x1024.jpg\" alt=\"\" class=\"wp-image-2713\" srcset=\"https:\/\/www.schlaraffiavindobona.at\/WP\/wp-content\/uploads\/2025\/01\/IMG-20241122-WA0002-768x1024.jpg 768w, https:\/\/www.schlaraffiavindobona.at\/WP\/wp-content\/uploads\/2025\/01\/IMG-20241122-WA0002-225x300.jpg 225w, https:\/\/www.schlaraffiavindobona.at\/WP\/wp-content\/uploads\/2025\/01\/IMG-20241122-WA0002-576x768.jpg 576w, https:\/\/www.schlaraffiavindobona.at\/WP\/wp-content\/uploads\/2025\/01\/IMG-20241122-WA0002-1152x1536.jpg 1152w, https:\/\/www.schlaraffiavindobona.at\/WP\/wp-content\/uploads\/2025\/01\/IMG-20241122-WA0002.jpg 1536w\" sizes=\"auto, (max-width: 768px) 100vw, 768px\" \/><\/figure>\n\n\n\n<p><\/p>\n\n\n\n<p>Sind Sie neugierig geworden? Dann melden sie sich bei uns. In einem pers\u00f6nlichen Gespr\u00e4ch mit einem unserer Mitglieder lernen wir uns gegenseitig kennen.<\/p>\n\n\n\n<p>Schreiben Sie uns ein E-Mail an<strong>&nbsp;info@schlaraffiavindobona.at<\/strong>&nbsp;und hinterlassen Sie uns ihre Kontaktdaten &#8211; wir melden uns gerne bei Ihnen.<\/p>\n\n\n\n<p><strong>Weitere Informationen<\/strong><\/p>\n\n\n\n<p><a href=\"https:\/\/www.schlaraffen-freunde.com\">https:\/\/www.schlaraffen-freunde.com<\/a><\/p>\n\n\n\n<p><\/p>\n\n\n\n<p><\/p>\n","protected":false},"excerpt":{"rendered":"<p>Schlaraffia \u2013 Eine Reise in die Welt der Freundschaft, Kultur und Lebensfreude Willkommen bei Schlaraffia \u2013 Wo Kultur, Humor und Gemeinschaft aufeinandertreffen! Tauchen Sie ein in eine Welt voller Fantasie, Humor und gelebter Tradition. Schlaraffia ist ein au\u00dfergew\u00f6hnliches Netzwerk von Menschen, die Freude an Kunst, Kultur und freundschaftlichem Miteinander teilen. Seit \u00fcber 160 Jahren verbinden &hellip; <a href=\"https:\/\/www.schlaraffiavindobona.at\/WP\/?page_id=2708\" class=\"more-link\"><span class=\"screen-reader-text\">F\u00fcr Interessierte<\/span> weiterlesen<\/a><\/p>\n","protected":false},"author":4,"featured_media":0,"parent":0,"menu_order":0,"comment_status":"closed","ping_status":"closed","template":"","meta":{"ngg_post_thumbnail":0,"footnotes":""},"class_list":["post-2708","page","type-page","status-publish","hentry"],"amp_enabled":true,"_links":{"self":[{"href":"https:\/\/www.schlaraffiavindobona.at\/WP\/index.php?rest_route=\/wp\/v2\/pages\/2708","targetHints":{"allow":["GET"]}}],"collection":[{"href":"https:\/\/www.schlaraffiavindobona.at\/WP\/index.php?rest_route=\/wp\/v2\/pages"}],"about":[{"href":"https:\/\/www.schlaraffiavindobona.at\/WP\/index.php?rest_route=\/wp\/v2\/types\/page"}],"author":[{"embeddable":true,"href":"https:\/\/www.schlaraffiavindobona.at\/WP\/index.php?rest_route=\/wp\/v2\/users\/4"}],"replies":[{"embeddable":true,"href":"https:\/\/www.schlaraffiavindobona.at\/WP\/index.php?rest_route=%2Fwp%2Fv2%2Fcomments&post=2708"}],"version-history":[{"count":5,"href":"https:\/\/www.schlaraffiavindobona.at\/WP\/index.php?rest_route=\/wp\/v2\/pages\/2708\/revisions"}],"predecessor-version":[{"id":2731,"href":"https:\/\/www.schlaraffiavindobona.at\/WP\/index.php?rest_route=\/wp\/v2\/pages\/2708\/revisions\/2731"}],"wp:attachment":[{"href":"https:\/\/www.schlaraffiavindobona.at\/WP\/index.php?rest_route=%2Fwp%2Fv2%2Fmedia&parent=2708"}],"curies":[{"name":"wp","href":"https:\/\/api.w.org\/{rel}","templated":true}]}}