{"id":30,"date":"2016-05-16T09:50:25","date_gmt":"2016-05-16T07:50:25","guid":{"rendered":"http:\/\/www.schlaraffiavindobona.at\/WP\/?page_id=30"},"modified":"2019-05-12T22:36:04","modified_gmt":"2019-05-12T20:36:04","slug":"testseite-extra","status":"publish","type":"page","link":"https:\/\/www.schlaraffiavindobona.at\/WP\/?page_id=30","title":{"rendered":"Schlaraffia"},"content":{"rendered":"<header class=\"entry-header\">\n<h2 class=\"entry-title\"><a href=\"http:\/\/www.schlaraffiavindobona.at\/WP\/?p=39\" rel=\"bookmark\">Was ist eigentlich Schlaraffia?<\/a><\/h2>\n<\/header>\n<div class=\"entry-content\">\n<p>\u00dcberall auf der Welt findet man sie und dennoch kann keiner genau sagen, was sie sind, die Schlaraffia. Es ist auch gar nicht so leicht zu erkl\u00e4ren, man muss es erleben. Es ist eine eigene, oft humorvolle, Einstellung zum Leben.<br \/>\nAber versuchen wir ein wenig Licht auf unser fr\u00f6hliches Spiel zu werfen. Schlaraffia wurde 1859 in Prag als M\u00e4nnerbund gegr\u00fcndet. Es gibt drei wichtige S\u00e4ulen, auf denen sie basiert: Kunst, Humor und Freundschaft.<br \/>\nDie Schlaraffen wollen damit eigentlich nur eines erreichen: Den Alltag f\u00fcr einen Abend zu vergessen und vergn\u00fcgliche Stunden mit Menschen zu verbringen, die genau dasselbe wollen. Etwaige Absichten sucht man hier vergebens. Politik, Religion, sowie b\u00f6sartige Witze werden in der Schlaraffia nicht thematisiert. Der Mensch z\u00e4hlt als das, was er ist: ein Mensch.<br \/>\nWer neugierig geworden ist und mehr \u00fcber Schlaraffia und vielleicht sogar im Speziellen unser Reych Vindobona wissen m\u00f6chte, der kann uns jederzeit kontaktieren.<\/p>\n<p>Es ist nicht leicht, die schlaraffische Idee, diese humanistische Position, in wenigen Worten zu erkl\u00e4ren. Vielleicht der Versuch in einigen Verszeilen:<\/p>\n<p class=\"f\" align=\"center\">Sollte mich je ein Unwissender fragen:<br \/>\nWas macht ihr Schlaraffen? \u2013 Ich w\u00fcrde ihm sagen:<br \/>\nWir sind Freunde, musisch meist,<br \/>\nlachen gerne \u00fcber Spa\u00df mit Geist,<br \/>\nwir sitzen beisammen, es wird nicht geprahlt,<br \/>\nwer mehr verdient, wer mehr bezahlt,<br \/>\nes gilt nicht das Alter, nicht die Position,<br \/>\ndaf\u00fcr mehr der Stil, der gute Ton.<br \/>\nAlles Dinge, die in der heutigen Zeit<br \/>\nregistriert werden unter \u201eVergangenheit\u201c.<br \/>\nWenn Andere meinen, sowas kann man nur tr\u00e4umen,<br \/>\nsei ihnen gesagt, dass sie Vieles vers\u00e4umen,<br \/>\nwenn sie nicht, wie wir seit Jahren,<br \/>\nder Welt zum trotz, dies alles bewahren.<\/p>\n<p align=\"center\">\u2013\u00a0\u00a0Rt. Sketch der Copy-Reiter\u00a0\u00a0\u2013<\/p>\n<\/div>\n","protected":false},"excerpt":{"rendered":"<p>Was ist eigentlich Schlaraffia? \u00dcberall auf der Welt findet man sie und dennoch kann keiner genau sagen, was sie sind, die Schlaraffia. Es ist auch gar nicht so leicht zu erkl\u00e4ren, man muss es erleben. Es ist eine eigene, oft humorvolle, Einstellung zum Leben. Aber versuchen wir ein wenig Licht auf unser fr\u00f6hliches Spiel zu &hellip; <a href=\"https:\/\/www.schlaraffiavindobona.at\/WP\/?page_id=30\" class=\"more-link\"><span class=\"screen-reader-text\">Schlaraffia<\/span> weiterlesen<\/a><\/p>\n","protected":false},"author":1,"featured_media":0,"parent":2,"menu_order":0,"comment_status":"closed","ping_status":"closed","template":"","meta":{"ngg_post_thumbnail":0,"footnotes":""},"class_list":["post-30","page","type-page","status-publish","hentry"],"amp_enabled":true,"_links":{"self":[{"href":"https:\/\/www.schlaraffiavindobona.at\/WP\/index.php?rest_route=\/wp\/v2\/pages\/30","targetHints":{"allow":["GET"]}}],"collection":[{"href":"https:\/\/www.schlaraffiavindobona.at\/WP\/index.php?rest_route=\/wp\/v2\/pages"}],"about":[{"href":"https:\/\/www.schlaraffiavindobona.at\/WP\/index.php?rest_route=\/wp\/v2\/types\/page"}],"author":[{"embeddable":true,"href":"https:\/\/www.schlaraffiavindobona.at\/WP\/index.php?rest_route=\/wp\/v2\/users\/1"}],"replies":[{"embeddable":true,"href":"https:\/\/www.schlaraffiavindobona.at\/WP\/index.php?rest_route=%2Fwp%2Fv2%2Fcomments&post=30"}],"version-history":[{"count":0,"href":"https:\/\/www.schlaraffiavindobona.at\/WP\/index.php?rest_route=\/wp\/v2\/pages\/30\/revisions"}],"up":[{"embeddable":true,"href":"https:\/\/www.schlaraffiavindobona.at\/WP\/index.php?rest_route=\/wp\/v2\/pages\/2"}],"wp:attachment":[{"href":"https:\/\/www.schlaraffiavindobona.at\/WP\/index.php?rest_route=%2Fwp%2Fv2%2Fmedia&parent=30"}],"curies":[{"name":"wp","href":"https:\/\/api.w.org\/{rel}","templated":true}]}}