{"id":50,"date":"2016-05-16T11:18:19","date_gmt":"2016-05-16T09:18:19","guid":{"rendered":"http:\/\/www.schlaraffiavindobona.at\/WP\/?page_id=50"},"modified":"2016-05-16T11:22:15","modified_gmt":"2016-05-16T09:22:15","slug":"impressum","status":"publish","type":"page","link":"https:\/\/www.schlaraffiavindobona.at\/WP\/?page_id=50","title":{"rendered":"Impressum"},"content":{"rendered":"<p><strong>Medieninhaber:<\/strong><\/p>\n<p>Geselligkeitsverein Schlaraffia Vindobona<br \/>\nZVR-Zahl 341603520<br \/>\nPostanschrift: W\u00e4hringer Str. 85, 1180 Wien, \u00d6sterreich<br \/>\nE-Mail: <a href=\"mailto:info@schlaraffiavindobona.at\">info@schlaraffiavindobona.at<\/a><\/p>\n<p><b>Hinweis zur Haftung:<\/b><br \/>\nTrotz sorgf\u00e4ltiger inhaltlicher Kontrolle \u00fcbernehmen wir keine Haftung f\u00fcr die Inhalte externer Links. F\u00fcr den Inhalt der verlinkten Seiten sind ausschlie\u00dflich deren Betreiber verantwortlich.<\/p>\n<p><b>Hinweis zum Urheberrecht:<\/b><br \/>\nTexte, Bilder und Grafiken unterliegen dem Schutz des Urheberrechts und anderen Schutzgesetzen, soweit nicht anders angegeben.<\/p>\n","protected":false},"excerpt":{"rendered":"<p>Medieninhaber: Geselligkeitsverein Schlaraffia Vindobona ZVR-Zahl 341603520 Postanschrift: W\u00e4hringer Str. 85, 1180 Wien, \u00d6sterreich E-Mail: info@schlaraffiavindobona.at Hinweis zur Haftung: Trotz sorgf\u00e4ltiger inhaltlicher Kontrolle \u00fcbernehmen wir keine Haftung f\u00fcr die Inhalte externer Links. F\u00fcr den Inhalt der verlinkten Seiten sind ausschlie\u00dflich deren Betreiber verantwortlich. Hinweis zum Urheberrecht: Texte, Bilder und Grafiken unterliegen dem Schutz des Urheberrechts und &hellip; <a href=\"https:\/\/www.schlaraffiavindobona.at\/WP\/?page_id=50\" class=\"more-link\"><span class=\"screen-reader-text\">Impressum<\/span> weiterlesen<\/a><\/p>\n","protected":false},"author":1,"featured_media":0,"parent":44,"menu_order":0,"comment_status":"closed","ping_status":"closed","template":"","meta":{"ngg_post_thumbnail":0,"footnotes":""},"class_list":["post-50","page","type-page","status-publish","hentry"],"amp_enabled":true,"_links":{"self":[{"href":"https:\/\/www.schlaraffiavindobona.at\/WP\/index.php?rest_route=\/wp\/v2\/pages\/50","targetHints":{"allow":["GET"]}}],"collection":[{"href":"https:\/\/www.schlaraffiavindobona.at\/WP\/index.php?rest_route=\/wp\/v2\/pages"}],"about":[{"href":"https:\/\/www.schlaraffiavindobona.at\/WP\/index.php?rest_route=\/wp\/v2\/types\/page"}],"author":[{"embeddable":true,"href":"https:\/\/www.schlaraffiavindobona.at\/WP\/index.php?rest_route=\/wp\/v2\/users\/1"}],"replies":[{"embeddable":true,"href":"https:\/\/www.schlaraffiavindobona.at\/WP\/index.php?rest_route=%2Fwp%2Fv2%2Fcomments&post=50"}],"version-history":[{"count":0,"href":"https:\/\/www.schlaraffiavindobona.at\/WP\/index.php?rest_route=\/wp\/v2\/pages\/50\/revisions"}],"up":[{"embeddable":true,"href":"https:\/\/www.schlaraffiavindobona.at\/WP\/index.php?rest_route=\/wp\/v2\/pages\/44"}],"wp:attachment":[{"href":"https:\/\/www.schlaraffiavindobona.at\/WP\/index.php?rest_route=%2Fwp%2Fv2%2Fmedia&parent=50"}],"curies":[{"name":"wp","href":"https:\/\/api.w.org\/{rel}","templated":true}]}}