{"id":58,"date":"2016-05-16T11:27:03","date_gmt":"2016-05-16T09:27:03","guid":{"rendered":"http:\/\/www.schlaraffiavindobona.at\/WP\/?page_id=58"},"modified":"2019-03-10T16:17:42","modified_gmt":"2019-03-10T15:17:42","slug":"unsere-burg","status":"publish","type":"page","link":"https:\/\/www.schlaraffiavindobona.at\/WP\/?page_id=58","title":{"rendered":"Unsere Burg"},"content":{"rendered":"<p class=\"g\">Die Burg der Schlaraffia Vindobona<\/p>\n<p><img loading=\"lazy\" decoding=\"async\" class=\"aligncenter size-full wp-image-260\" src=\"http:\/\/www.schlaraffiavindobona.at\/WP\/wp-content\/uploads\/2018\/12\/bthronegr.jpg\" alt=\"\" width=\"768\" height=\"576\" srcset=\"https:\/\/www.schlaraffiavindobona.at\/WP\/wp-content\/uploads\/2018\/12\/bthronegr.jpg 768w, https:\/\/www.schlaraffiavindobona.at\/WP\/wp-content\/uploads\/2018\/12\/bthronegr-300x225.jpg 300w\" sizes=\"auto, (max-width: 768px) 100vw, 768px\" \/><\/p>\n<p align=\"justify\">Das an der Stelle eines \u00e4lteren Gasthauses \u201cZum Wilden Mann\u201d im Jahre 1884 errichtete Zinshaus erhielt zwei Gastst\u00e4tten, eine davon mit einem freistehenden Gartensaal und einer offenen Veranda ausgestattet. Der gro\u00dfe dreischiffige Saal wurde auch f\u00fcr Theaterauff\u00fchrungen verwendet. Im Jahre 1923 erwarb die Schlaraffia Vindobona die gesamte Liegenschaft. Der Saal wurde zur \u201cSchlaraffenburg\u201d und nach dem Gr\u00fcnder der Vindobona \u201cVeste H\u00f6llenstein\u201d genannt. Nach Enteignung (1939) und R\u00fcckgabe (1946) wurde die \u201cBurg\u201d instandgesetzt und ausgestaltet, sodass hier ab 23. 10. 1947 wieder die w\u00f6chentlichen Treffen (\u201dSippungen\u201d) stattfinden konnten. Dennoch erwies sich ein Umbau als unumg\u00e4nglich.<\/p>\n<p>Die Durchf\u00fchrung erfolgte ab Sommer 1960 nach Pl\u00e4nen des Architekten DI. Dr. Gustav Hoppe (Rt. Plan). Die anschlie\u00dfende k\u00fcnstlerische Gestaltung umfa\u00dfte Wandmalereien (Rt. Figuralo, Rt. Malbunt), Bildhauerarbeiten (Rt. Zirbel), Metallarbeiten (Rt. Trixa) und Glasfenster (Rt.Glasmalan).<\/p>\n<p>Damit war, im Gegensatz zur romantisierenden Vorstellung einer \u201cBurg\u201d, ein zwar schlichter, aber stimmungsvoller Rahmen f\u00fcr das schlaraffische Spiel geschaffen, in den einige \u00e4ltere Inventarst\u00fccke integriert wurden. Unter diesen ist besonders die das das \u201cBurgverlie\u00df\u201d ersetzende \u201cEiserne Jungfrau\u201dzu erw\u00e4hnen, sowie ein monumentales Bild, das bedeutende Pers\u00f6nlichkeiten aus der Anfangszeit Schlaraffias darstellt. In der betonten Sachlichkeit des Raumes kommt besonders die kleinteilig-bunte Wappenwand zur Geltung, an der die Wappen der Ritter befestigt sind. Ihr Zentrum bildet die Replik des erhalten gebliebenen Tores zur Burg der \u201cPraga\u201d. Vor kurzem konnte hier auch ein aus dem Kunsthandel erworbenes Prachtgest\u00fchl aus der \u201cPraga\u201d aufgestellt werden. Es wurde 1884 geschaffen, ist also gleich alt wie unsere Burg. Noch \u00e4lter ist allerdings das hier bewahrte schmiedeeiserne Wirtshausschild \u201cZum Wilden Mann\u201d, das noch aus dem 18.Jhdt. stammen d\u00fcrfte. Das heutige Hauszeichen zeigt im Sinne des Historismus eine Herkulesfigur. Ihr Kopf wurde 1980 von Prof. Klarm\u00fcller (Rt. Mark Angelo) neu angefertigt. In den Jahren 1967-70 wurde die an den Saal angrenzende Veranda in einen Besprechungsraum (\u201dNebenburg\u201d) umgestaltet und ein Teil als Museum abgeteilt und eingerichtet. In der Nebenburg sind ca. 40 Portr\u00e4ts sowie einige B\u00fcsten bedeutender Mitglieder der Vindobona zu sehen. Sie dient damit auch zur Einstimmung auf die im Museum pr\u00e4sentierte Vereinsgeschichte.<\/p>\n","protected":false},"excerpt":{"rendered":"<p>Die Burg der Schlaraffia Vindobona Das an der Stelle eines \u00e4lteren Gasthauses \u201cZum Wilden Mann\u201d im Jahre 1884 errichtete Zinshaus erhielt zwei Gastst\u00e4tten, eine davon mit einem freistehenden Gartensaal und einer offenen Veranda ausgestattet. Der gro\u00dfe dreischiffige Saal wurde auch f\u00fcr Theaterauff\u00fchrungen verwendet. Im Jahre 1923 erwarb die Schlaraffia Vindobona die gesamte Liegenschaft. Der Saal &hellip; <a href=\"https:\/\/www.schlaraffiavindobona.at\/WP\/?page_id=58\" class=\"more-link\"><span class=\"screen-reader-text\">Unsere Burg<\/span> weiterlesen<\/a><\/p>\n","protected":false},"author":1,"featured_media":0,"parent":22,"menu_order":0,"comment_status":"closed","ping_status":"closed","template":"","meta":{"ngg_post_thumbnail":0,"footnotes":""},"class_list":["post-58","page","type-page","status-publish","hentry"],"amp_enabled":true,"_links":{"self":[{"href":"https:\/\/www.schlaraffiavindobona.at\/WP\/index.php?rest_route=\/wp\/v2\/pages\/58","targetHints":{"allow":["GET"]}}],"collection":[{"href":"https:\/\/www.schlaraffiavindobona.at\/WP\/index.php?rest_route=\/wp\/v2\/pages"}],"about":[{"href":"https:\/\/www.schlaraffiavindobona.at\/WP\/index.php?rest_route=\/wp\/v2\/types\/page"}],"author":[{"embeddable":true,"href":"https:\/\/www.schlaraffiavindobona.at\/WP\/index.php?rest_route=\/wp\/v2\/users\/1"}],"replies":[{"embeddable":true,"href":"https:\/\/www.schlaraffiavindobona.at\/WP\/index.php?rest_route=%2Fwp%2Fv2%2Fcomments&post=58"}],"version-history":[{"count":0,"href":"https:\/\/www.schlaraffiavindobona.at\/WP\/index.php?rest_route=\/wp\/v2\/pages\/58\/revisions"}],"up":[{"embeddable":true,"href":"https:\/\/www.schlaraffiavindobona.at\/WP\/index.php?rest_route=\/wp\/v2\/pages\/22"}],"wp:attachment":[{"href":"https:\/\/www.schlaraffiavindobona.at\/WP\/index.php?rest_route=%2Fwp%2Fv2%2Fmedia&parent=58"}],"curies":[{"name":"wp","href":"https:\/\/api.w.org\/{rel}","templated":true}]}}