{"id":62,"date":"2016-05-16T11:30:42","date_gmt":"2016-05-16T09:30:42","guid":{"rendered":"http:\/\/www.schlaraffiavindobona.at\/WP\/?page_id=62"},"modified":"2019-01-02T22:50:46","modified_gmt":"2019-01-02T21:50:46","slug":"unser-museum","status":"publish","type":"page","link":"https:\/\/www.schlaraffiavindobona.at\/WP\/?page_id=62","title":{"rendered":"Unser Museum"},"content":{"rendered":"<p><center><\/p>\n<p class=\"g\">Unser Museum<\/p>\n<p><\/center><\/p>\n<p align=\"justify\">Eine besondere Attraktion stellt unser Museum dar, welches im Jahre 1955 (anno Uhui 96) errichtet wurde und bis heute laufend erweitert wird. Unter den strengen Augen unseres wld. Rt Denk mal wurden schlaraffische Erinnerungen aus dem gesamten Uhuversum zusammengetragen.<\/p>\n<p>An dieser Stelle wollen wir auch den vielen Helfern Dank aussprechen, besonders den Rtt Atzo (424) und weiland Rt Immawida.<\/p>\n<p>Unser Museum zeigt viele kunstvolle Erinnerungsst\u00fccke und Kuriosit\u00e4ten aus der schlaraffischen Zeit. Eines der wertvollsten St\u00fccke der Sammlung stellt das \u201ePraga Banner\u201c dar, des 1. Schlaraffenreyches, das 1859 in Prag gegr\u00fcndet wurde.<br \/>\nEine weitere Besonderheit unter diesen Objekten stellen jene dar, die im 1. Weltkrieg in Gefangenenlagern in Sibirien angefertigt wurden, um das schlaraffische Spiel provisorisch weiterf\u00fchren zu k\u00f6nnen.<\/p>\n","protected":false},"excerpt":{"rendered":"<p>Unser Museum Eine besondere Attraktion stellt unser Museum dar, welches im Jahre 1955 (anno Uhui 96) errichtet wurde und bis heute laufend erweitert wird. Unter den strengen Augen unseres wld. Rt Denk mal wurden schlaraffische Erinnerungen aus dem gesamten Uhuversum zusammengetragen. An dieser Stelle wollen wir auch den vielen Helfern Dank aussprechen, besonders den Rtt &hellip; <a href=\"https:\/\/www.schlaraffiavindobona.at\/WP\/?page_id=62\" class=\"more-link\"><span class=\"screen-reader-text\">Unser Museum<\/span> weiterlesen<\/a><\/p>\n","protected":false},"author":1,"featured_media":0,"parent":22,"menu_order":0,"comment_status":"closed","ping_status":"closed","template":"","meta":{"ngg_post_thumbnail":0,"footnotes":""},"class_list":["post-62","page","type-page","status-publish","hentry"],"amp_enabled":true,"_links":{"self":[{"href":"https:\/\/www.schlaraffiavindobona.at\/WP\/index.php?rest_route=\/wp\/v2\/pages\/62","targetHints":{"allow":["GET"]}}],"collection":[{"href":"https:\/\/www.schlaraffiavindobona.at\/WP\/index.php?rest_route=\/wp\/v2\/pages"}],"about":[{"href":"https:\/\/www.schlaraffiavindobona.at\/WP\/index.php?rest_route=\/wp\/v2\/types\/page"}],"author":[{"embeddable":true,"href":"https:\/\/www.schlaraffiavindobona.at\/WP\/index.php?rest_route=\/wp\/v2\/users\/1"}],"replies":[{"embeddable":true,"href":"https:\/\/www.schlaraffiavindobona.at\/WP\/index.php?rest_route=%2Fwp%2Fv2%2Fcomments&post=62"}],"version-history":[{"count":0,"href":"https:\/\/www.schlaraffiavindobona.at\/WP\/index.php?rest_route=\/wp\/v2\/pages\/62\/revisions"}],"up":[{"embeddable":true,"href":"https:\/\/www.schlaraffiavindobona.at\/WP\/index.php?rest_route=\/wp\/v2\/pages\/22"}],"wp:attachment":[{"href":"https:\/\/www.schlaraffiavindobona.at\/WP\/index.php?rest_route=%2Fwp%2Fv2%2Fmedia&parent=62"}],"curies":[{"name":"wp","href":"https:\/\/api.w.org\/{rel}","templated":true}]}}