{"id":94,"date":"2016-05-16T20:22:56","date_gmt":"2016-05-16T18:22:56","guid":{"rendered":"http:\/\/www.schlaraffiavindobona.at\/WP\/?page_id=94"},"modified":"2026-05-10T19:40:57","modified_gmt":"2026-05-10T17:40:57","slug":"sippungsfolge","status":"publish","type":"page","link":"https:\/\/www.schlaraffiavindobona.at\/WP\/?page_id=94","title":{"rendered":"Sippungs- und Krystallinenfolge"},"content":{"rendered":"<p><strong>Krystallinen in der Sommerung<\/strong><\/p>\n<p>Die Krystallinen finden von 11. Brachmond bis Herbstmond (Ausnahme 3.9.) jeden Donnerstag im Lokal &#8222;Wilder Mann&#8220; (W\u00e4hringer Str. 85, 1180 Wien), bei Sch\u00f6nwetter im Gastgarten, ab Gl. 6 d.A. statt.<\/p>\n<p><strong>Sonderkrystallinen&nbsp;<\/strong>(Anmeldung erforderlich)<\/p>\n<ul>\n<li>22.5.2026 um 18:00: Krystalline beim <strong>Heurigen Grausenburger,<\/strong> Maurer Lange Gasse 101a, 1230 Wien (Anmeldung bei <a href=\"mailto:mjrochus@gmx.net\">Rt Schnauz<\/a>)<\/li>\n<li>3.8.2026 um 18:00: Vindobona-Krystalline in der <strong>Engelsburg<\/strong> des h.R. Auf der Mauer, Linzer Stra\u00dfe 34, 1140 Wien (Anmeldung bei <a href=\"mailto:woda54@yahoo.de\">Rt Comet<\/a>)<\/li>\n<li>4.9.2026 um 18:00: Krystalline beim <strong>Heurigen Stippert<\/strong>, Ottakringerstra\u00dfe 225, 1160 Wien (Anmeldung bei <a href=\"mailto:woda54@yahoo.de\">Rt Comet<\/a>)<\/li>\n<li>5.9.2026 um 18:00: <strong>Sonderkrystalline<\/strong> mit den Freunden des h.R. Strubinga auf Veste H\u00f6llenstein (Anmeldung bei <a href=\"mailto:woda54@yahoo.de\">Rt Comet<\/a>)<\/li>\n<li>3.10.2026 um 14:00: <strong>Schie\u00dfkrystalline<\/strong>, Sch\u00fctzenverein 1288, In der Au, 3400 Klosterneuburg (Anmeldung bei <a href=\"mailto:peter.leder@gmx.at\">Rt Don Skonti<\/a> bis 18.9.2026)<\/li>\n<\/ul>\n<p><strong>Sippungsfolge Vindobona a.U. 167\/168<\/strong><\/p>\n<p>noch nicht verf\u00fcgbar<\/p>\n<p><strong>Sippungsfolge Vindobona a.U. 166\/167<\/strong><\/p>\n\n<table id=\"tablepress-14\" class=\"tablepress tablepress-id-14\">\n<thead>\n<tr class=\"row-1\">\n\t<th class=\"column-1\">Sippungsnr.<\/th><th class=\"column-2\">Datum<\/th><th class=\"column-3\">Sippungsthema<\/th>\n<\/tr>\n<\/thead>\n<tbody class=\"row-striping row-hover\">\n<tr class=\"row-2\">\n\t<td class=\"column-1\">3823<\/td><td class=\"column-2\">02.10.2025<\/td><td class=\"column-3\">* Er\u00f6ffnungsschlaraffiade<\/td>\n<\/tr>\n<tr class=\"row-3\">\n\t<td class=\"column-1\">3824<\/td><td class=\"column-2\">09.10.2025<\/td><td class=\"column-3\">Beatles-Sippung (85. Geburtstag John Lennon)<\/td>\n<\/tr>\n<tr class=\"row-4\">\n\t<td class=\"column-1\">3825<\/td><td class=\"column-2\">16.10.2025<\/td><td class=\"column-3\">Wald und Wiese<\/td>\n<\/tr>\n<tr class=\"row-5\">\n\t<td class=\"column-1\">3826<\/td><td class=\"column-2\">23.10.2025<\/td><td class=\"column-3\">200 Jahre Ehrenschlaraffe \"Fledermaus\"<\/td>\n<\/tr>\n<tr class=\"row-6\">\n\t<td class=\"column-1\">3827<\/td><td class=\"column-2\">30.10.2025<\/td><td class=\"column-3\">* Erbschlaraffen, Erb-\u00c4mbter und K\u00e4mmerer; GU Rt Bosnigl, Urs Rtt Phil\u00f3s und Helveti-Kuss<\/td>\n<\/tr>\n<tr class=\"row-7\">\n\t<td class=\"column-1\">3828<\/td><td class=\"column-2\">06.11.2025<\/td><td class=\"column-3\">* Windmondschlaraffiade, Ahallafeyer<\/td>\n<\/tr>\n<tr class=\"row-8\">\n\t<td class=\"column-1\">3829<\/td><td class=\"column-2\">13.11.2025<\/td><td class=\"column-3\">Wald und Wiese<\/td>\n<\/tr>\n<tr class=\"row-9\">\n\t<td class=\"column-1\"><\/td><td class=\"column-2\">20.11.2025<\/td><td class=\"column-3\">Burg geschlossen (Sippung am Sa.)<\/td>\n<\/tr>\n<tr class=\"row-10\">\n\t<td class=\"column-1\">3830<\/td><td class=\"column-2\">22.11.2025<\/td><td class=\"column-3\">*** (Sa.) Burgfrauenabend - Einritt d.h.R. Strubinga (223) und Ratisbona (12) - Erk\u00fcrung ES Papageno<\/td>\n<\/tr>\n<tr class=\"row-11\">\n\t<td class=\"column-1\">3831<\/td><td class=\"column-2\">27.11.2025<\/td><td class=\"column-3\">Vierzeilersippung<\/td>\n<\/tr>\n<tr class=\"row-12\">\n\t<td class=\"column-1\">3832<\/td><td class=\"column-2\">04.12.2025<\/td><td class=\"column-3\">* Christmondschlaraffiade, Stiftungsgedenken<\/td>\n<\/tr>\n<tr class=\"row-13\">\n\t<td class=\"column-1\">3833<\/td><td class=\"column-2\">11.12.2025<\/td><td class=\"column-3\">Wald und Wiese<\/td>\n<\/tr>\n<tr class=\"row-14\">\n\t<td class=\"column-1\"><\/td><td class=\"column-2\">14.12.2025<\/td><td class=\"column-3\">V.O.S. Swing im Advent, Gl. 5 d.A.<\/td>\n<\/tr>\n<tr class=\"row-15\">\n\t<td class=\"column-1\">3834<\/td><td class=\"column-2\">18.12.2025<\/td><td class=\"column-3\">** Uhubaumfeyer, Feuerzangenbowle<\/td>\n<\/tr>\n<tr class=\"row-16\">\n\t<td class=\"column-1\"><\/td><td class=\"column-2\">25.12.2025<\/td><td class=\"column-3\">Sippung entf\u00e4llt (Weihnachtsfeiertag)<\/td>\n<\/tr>\n<tr class=\"row-17\">\n\t<td class=\"column-1\"><\/td><td class=\"column-2\">01.01.2026<\/td><td class=\"column-3\">Sippung entf\u00e4llt (Neujahrstag)<\/td>\n<\/tr>\n<tr class=\"row-18\">\n\t<td class=\"column-1\">3835<\/td><td class=\"column-2\">08.01.2026<\/td><td class=\"column-3\">* Eismondschlaraffiade, Kriminelle K\u00fcnstler <\/td>\n<\/tr>\n<tr class=\"row-19\">\n\t<td class=\"column-1\">3836<\/td><td class=\"column-2\">15.01.2026<\/td><td class=\"column-3\">Betthupferl (Pezi bis Bonanza)<\/td>\n<\/tr>\n<tr class=\"row-20\">\n\t<td class=\"column-1\"><\/td><td class=\"column-2\">19.01.2026<\/td><td class=\"column-3\">* Sippung der Wiener Reyche i.h.R. Auf der Mauer (296)<\/td>\n<\/tr>\n<tr class=\"row-21\">\n\t<td class=\"column-1\">3837<\/td><td class=\"column-2\">22.01.2026<\/td><td class=\"column-3\">Schlagersippung 100. Geburtstag Peter Alexander<\/td>\n<\/tr>\n<tr class=\"row-22\">\n\t<td class=\"column-1\">3838<\/td><td class=\"column-2\">29.01.2026<\/td><td class=\"column-3\">Junkerpr\u00fcfung<\/td>\n<\/tr>\n<tr class=\"row-23\">\n\t<td class=\"column-1\">3839<\/td><td class=\"column-2\">05.02.2026<\/td><td class=\"column-3\">* Hornungschlaraffiade, St\u00fcrzer-Turney<\/td>\n<\/tr>\n<tr class=\"row-24\">\n\t<td class=\"column-1\">3840<\/td><td class=\"column-2\">12.02.2026<\/td><td class=\"column-3\">* Empfang des Diplomatischen Corps<\/td>\n<\/tr>\n<tr class=\"row-25\">\n\t<td class=\"column-1\"><\/td><td class=\"column-2\">13.02.2026<\/td><td class=\"column-3\">* Trauersippung wld. Rt Struwwelpeter. Gemeinschaftssippung mit d.h.R.An der Klausen (221). Beginn Gl. 6 d.A.<\/td>\n<\/tr>\n<tr class=\"row-26\">\n\t<td class=\"column-1\"><\/td><td class=\"column-2\">19.02.2026<\/td><td class=\"column-3\">* Sippung der Donnerstagreyche i.h.R. Ovilabis (132) - Burg geschlossen<\/td>\n<\/tr>\n<tr class=\"row-27\">\n\t<td class=\"column-1\"><\/td><td class=\"column-2\">20.02.2026<\/td><td class=\"column-3\">Reychausritt i.d.h.R. Styria (32)<\/td>\n<\/tr>\n<tr class=\"row-28\">\n\t<td class=\"column-1\"><\/td><td class=\"column-2\">21.02.2026<\/td><td class=\"column-3\">Reychausritt i.d.h.R. Linzia (13)<\/td>\n<\/tr>\n<tr class=\"row-29\">\n\t<td class=\"column-1\"><\/td><td class=\"column-2\">24.02.2026<\/td><td class=\"column-3\">Mutter-T\u00f6chter-Sippung i.h.R. Burckhardia (266)<\/td>\n<\/tr>\n<tr class=\"row-30\">\n\t<td class=\"column-1\">3841<\/td><td class=\"column-2\">26.02.2026<\/td><td class=\"column-3\">* Parade der Donauflottille<\/td>\n<\/tr>\n<tr class=\"row-31\">\n\t<td class=\"column-1\">3842<\/td><td class=\"column-2\">05.03.2026<\/td><td class=\"column-3\">* Lenzmondschlaraffiade, Junkerabend<\/td>\n<\/tr>\n<tr class=\"row-32\">\n\t<td class=\"column-1\"><\/td><td class=\"column-2\">10.03.2026<\/td><td class=\"column-3\">Sippung der \u00f6sterreichischen 24er Reyche i.h.R. Hippolytana (124)<\/td>\n<\/tr>\n<tr class=\"row-33\">\n\t<td class=\"column-1\">3843<\/td><td class=\"column-2\">12.03.2026<\/td><td class=\"column-3\">* Ordensfest, Passverl\u00e4ngerung<\/td>\n<\/tr>\n<tr class=\"row-34\">\n\t<td class=\"column-1\">3844<\/td><td class=\"column-2\">19.03.2026<\/td><td class=\"column-3\">*** Ritterschlag<\/td>\n<\/tr>\n<tr class=\"row-35\">\n\t<td class=\"column-1\"><\/td><td class=\"column-2\">23.03.2026<\/td><td class=\"column-3\">Her zog-Sippung im h.R. Castell am Wogenrayn (424)<\/td>\n<\/tr>\n<tr class=\"row-36\">\n\t<td class=\"column-1\">3845<\/td><td class=\"column-2\">26.03.2026<\/td><td class=\"column-3\">M\u00e4rchensippung, 240. Geburtstag Wilhelm Grimm<\/td>\n<\/tr>\n<tr class=\"row-37\">\n\t<td class=\"column-1\">3846<\/td><td class=\"column-2\">02.04.2026<\/td><td class=\"column-3\">* Ostermondschlaraffiade<\/td>\n<\/tr>\n<tr class=\"row-38\">\n\t<td class=\"column-1\">3847<\/td><td class=\"column-2\">09.04.2026<\/td><td class=\"column-3\">Jede Fechsung ein Titel<\/td>\n<\/tr>\n<tr class=\"row-39\">\n\t<td class=\"column-1\">3848<\/td><td class=\"column-2\">16.04.2026<\/td><td class=\"column-3\">* GU Rt Aufsand und Urs Rt Arawik<\/td>\n<\/tr>\n<tr class=\"row-40\">\n\t<td class=\"column-1\">3849<\/td><td class=\"column-2\">23.04.2026<\/td><td class=\"column-3\">Wahlw\u00fcrstelsippung, 125 Jahre Luis Armstrong<\/td>\n<\/tr>\n<tr class=\"row-41\">\n\t<td class=\"column-1\">3850<\/td><td class=\"column-2\">30.04.2026<\/td><td class=\"column-3\">* Wahl- und Schlussschlaraffiade<\/td>\n<\/tr>\n<tr class=\"row-42\">\n\t<td class=\"column-1\"><s>3851<\/s><\/td><td class=\"column-2\"><s>15.05.2026<\/s><\/td><td class=\"column-3\"><s>Fr\u00fchlingsfest mit Burgfrauen<\/s> <i>abgesagt<\/i><\/td>\n<\/tr>\n<tr class=\"row-43\">\n\t<td class=\"column-1\"><\/td><td class=\"column-2\"><s>16.05.2026<\/s><\/td><td class=\"column-3\"><s>Dirndlball auf Veste H\u00f6llenstein<\/s> <i>abgesagt<\/i><\/td>\n<\/tr>\n<tr class=\"row-44\">\n\t<td class=\"column-1\"><\/td><td class=\"column-2\">22.05.2026<\/td><td class=\"column-3\">Heurigenkrystalline (<a href=\"https:\/\/www.grausenburger.wien\/\">Heuriger Grausenburger<\/a>, Wien XXIII.) Gl. 6 d.A.<\/td>\n<\/tr>\n<tr class=\"row-45\">\n\t<td class=\"column-1\">3851<\/td><td class=\"column-2\">23.05.2026<\/td><td class=\"column-3\">** Sommersippung mit Burgfrauen: 100. Geb. Rt Riss; Gl. 7 d.A.<\/td>\n<\/tr>\n<tr class=\"row-46\">\n\t<td class=\"column-1\"><\/td><td class=\"column-2\">31.05.2026<\/td><td class=\"column-3\"><s>V.O.S. Jazz-Matinee, Gl. 11 d.V.<\/s> <i>abgesagt<\/i><\/td>\n<\/tr>\n<\/tbody>\n<\/table>\n<!-- #tablepress-14 from cache -->\n<p>* Dunkle Gewandung und volle R\u00fcstung<br>** Rauchrock und volle R\u00fcstung<br>*** Rauchrock\/Schwalbenschwanz und volle R\u00fcstung<\/p>\n<p>Wo nicht anders angegeben, finden die Sippungen\/Veranstaltungen auf <a href=\"http:\/\/www.schlaraffiavindobona.at\/WP\/?page_id=145\">Veste H\u00f6llenstein<\/a> statt, Beginn um Gl. 8. d.A.<\/p>\n\n\n<p><\/p>\n","protected":false},"excerpt":{"rendered":"<p>Krystallinen in der Sommerung Die Krystallinen finden von 11. Brachmond bis Herbstmond (Ausnahme 3.9.) jeden Donnerstag im Lokal &#8222;Wilder Mann&#8220; (W\u00e4hringer Str. 85, 1180 Wien), bei Sch\u00f6nwetter im Gastgarten, ab Gl. 6 d.A. statt. Sonderkrystallinen&nbsp;(Anmeldung erforderlich) 22.5.2026 um 18:00: Krystalline beim Heurigen Grausenburger, Maurer Lange Gasse 101a, 1230 Wien (Anmeldung bei Rt Schnauz) 3.8.2026 um &hellip; <a href=\"https:\/\/www.schlaraffiavindobona.at\/WP\/?page_id=94\" class=\"more-link\"><span class=\"screen-reader-text\">Sippungs- und Krystallinenfolge<\/span> weiterlesen<\/a><\/p>\n","protected":false},"author":1,"featured_media":0,"parent":25,"menu_order":0,"comment_status":"closed","ping_status":"closed","template":"","meta":{"ngg_post_thumbnail":0,"footnotes":""},"class_list":["post-94","page","type-page","status-publish","hentry"],"amp_enabled":true,"_links":{"self":[{"href":"https:\/\/www.schlaraffiavindobona.at\/WP\/index.php?rest_route=\/wp\/v2\/pages\/94","targetHints":{"allow":["GET"]}}],"collection":[{"href":"https:\/\/www.schlaraffiavindobona.at\/WP\/index.php?rest_route=\/wp\/v2\/pages"}],"about":[{"href":"https:\/\/www.schlaraffiavindobona.at\/WP\/index.php?rest_route=\/wp\/v2\/types\/page"}],"author":[{"embeddable":true,"href":"https:\/\/www.schlaraffiavindobona.at\/WP\/index.php?rest_route=\/wp\/v2\/users\/1"}],"replies":[{"embeddable":true,"href":"https:\/\/www.schlaraffiavindobona.at\/WP\/index.php?rest_route=%2Fwp%2Fv2%2Fcomments&post=94"}],"version-history":[{"count":16,"href":"https:\/\/www.schlaraffiavindobona.at\/WP\/index.php?rest_route=\/wp\/v2\/pages\/94\/revisions"}],"predecessor-version":[{"id":4717,"href":"https:\/\/www.schlaraffiavindobona.at\/WP\/index.php?rest_route=\/wp\/v2\/pages\/94\/revisions\/4717"}],"up":[{"embeddable":true,"href":"https:\/\/www.schlaraffiavindobona.at\/WP\/index.php?rest_route=\/wp\/v2\/pages\/25"}],"wp:attachment":[{"href":"https:\/\/www.schlaraffiavindobona.at\/WP\/index.php?rest_route=%2Fwp%2Fv2%2Fmedia&parent=94"}],"curies":[{"name":"wp","href":"https:\/\/api.w.org\/{rel}","templated":true}]}}